{"id":257,"date":"2025-03-27T09:37:59","date_gmt":"2025-03-27T09:37:59","guid":{"rendered":"https:\/\/almendroscoffee.com\/?page_id=257"},"modified":"2025-03-27T09:38:00","modified_gmt":"2025-03-27T09:38:00","slug":"contact","status":"publish","type":"page","link":"https:\/\/almendroscoffee.com\/es\/contact\/","title":{"rendered":"Contacto"},"content":{"rendered":"<h2 class=\"wp-block-heading\">Ponte en contacto con Almendros Coffee.<\/h2>\n\n\n\n<p>En Almendros Coffee Co. nos enorgullece ofrecer una calidad excepcional gracias a m\u00e9todos de procesamiento meticulosos como el proceso lavado. Esta t\u00e9cnica resalta las cualidades inherentes de nuestros granos, logrando una taza brillante y limpia, con acidez definida y claridad de sabor. Valoramos la relaci\u00f3n con nuestros clientes y aliados, procurando una comunicaci\u00f3n \u00e1gil y efectiva.<\/p>\n\n\n\n<h2 class=\"wp-block-heading\">Contactos por WhatsApp<\/h2>\n\n\n\n<p>Si tienes consultas o deseas conocer m\u00e1s sobre nuestro caf\u00e9 de especialidad, escr\u00edbenos por WhatsApp. Estos son nuestros n\u00fameros directos:<\/p>\n\n\n\n<ul class=\"wp-block-list\">\n<li>Almendros Coffee Co.: <a href=\"https:\/\/wa.me\/50488793266\">504 88793266<\/a><\/li>\n\n\n\n<li>Farm Producer Henry Padilla: <a href=\"https:\/\/wa.me\/13233549926\">1 (323) 3549926<\/a><\/li>\n\n\n\n<li>Manager of Almendros Co.: <a href=\"https:\/\/wa.me\/50497501016\">504 97501016<\/a><\/li>\n<\/ul>\n\n\n\n<h2 class=\"wp-block-heading\">Correos Electr\u00f3nicos<\/h2>\n\n\n\n<p>Para correspondencia por correo, utiliza las siguientes direcciones:<\/p>\n\n\n\n<ul class=\"wp-block-list\">\n<li><a href=\"mailto:fernandopadilla18@gmail.com\">fernandopadilla18@gmail.com<\/a><\/li>\n\n\n\n<li><a href=\"mailto:fredinfu@gmail.com\">fredinfu@gmail.com<\/a><\/li>\n\n\n\n<li><a href=\"mailto:almendrohn@gmail.com\">almendrohn@gmail.com<\/a><\/li>\n<\/ul>\n\n\n\n<p>Ser\u00e1 un gusto ayudarte con tus consultas. Gracias por acercarte a Almendros Coffee Co. \u00a1Escr\u00edbenos cuando quieras!<\/p>\n\n\n\n<h2 class=\"wp-block-heading\">Encu\u00e9ntranos en San Luis, Comayagua, Honduras<\/h2>\n\n\n\n<p>Para ver la ubicaci\u00f3n directa, abre nuestro enlace en Google Maps: <a href=\"https:\/\/www.google.com\/maps\/search\/San+Luis,+Comayagua,+Honduras\">Map Location<\/a>.<\/p>","protected":false},"excerpt":{"rendered":"<p>Get in Touch with Almendros Coffee Co. At Almendros Coffee Co., we pride ourselves on delivering exceptional coffee quality through meticulous processing methods such as the washed process (proceso lavado). This technique highlights the inherent qualities of our beans, resulting in a bright and clean cup with defined acidity and flavor clarity. We value the &hellip; <\/p>\n<p class=\"link-more\"><a href=\"https:\/\/almendroscoffee.com\/es\/contact\/\" class=\"more-link\">Read more<span class=\"screen-reader-text\"> &#8220;Contact&#8221;<\/span><\/a><\/p>","protected":false},"author":1,"featured_media":0,"parent":0,"menu_order":0,"comment_status":"closed","ping_status":"closed","template":"","meta":{"footnotes":""},"class_list":["post-257","page","type-page","status-publish","hentry"],"featured_media_urls":[],"_links":{"self":[{"href":"https:\/\/almendroscoffee.com\/es\/wp-json\/wp\/v2\/pages\/257","targetHints":{"allow":["GET"]}}],"collection":[{"href":"https:\/\/almendroscoffee.com\/es\/wp-json\/wp\/v2\/pages"}],"about":[{"href":"https:\/\/almendroscoffee.com\/es\/wp-json\/wp\/v2\/types\/page"}],"author":[{"embeddable":true,"href":"https:\/\/almendroscoffee.com\/es\/wp-json\/wp\/v2\/users\/1"}],"replies":[{"embeddable":true,"href":"https:\/\/almendroscoffee.com\/es\/wp-json\/wp\/v2\/comments?post=257"}],"version-history":[{"count":1,"href":"https:\/\/almendroscoffee.com\/es\/wp-json\/wp\/v2\/pages\/257\/revisions"}],"predecessor-version":[{"id":258,"href":"https:\/\/almendroscoffee.com\/es\/wp-json\/wp\/v2\/pages\/257\/revisions\/258"}],"wp:attachment":[{"href":"https:\/\/almendroscoffee.com\/es\/wp-json\/wp\/v2\/media?parent=257"}],"curies":[{"name":"wp","href":"https:\/\/api.w.org\/{rel}","templated":true}]}}